{"id":1855,"date":"2022-10-16T09:43:50","date_gmt":"2022-10-16T12:43:50","guid":{"rendered":"https:\/\/www.nilit.com.br\/?page_id=1855"},"modified":"2022-12-08T12:39:55","modified_gmt":"2022-12-08T15:39:55","slug":"contato","status":"publish","type":"page","link":"https:\/\/www.nilit.com.br\/supplex\/contato\/","title":{"rendered":"Contato"},"content":{"rendered":"\n<figure class=\"wp-block-image\"><img decoding=\"async\" src=\"https:\/\/static.wixstatic.com\/media\/63b461_d061ae3620134a17b48a5fbaa2279c3b~mv2.png\/v1\/crop\/x_113,y_0,w_210,h_94\/fill\/w_87,h_39,al_c,q_85,usm_0.66_1.00_0.01,enc_auto\/63b461_d061ae3620134a17b48a5fbaa2279c3b~mv2.png\" alt=\"\"\/><\/figure>\n\n\n\n<p>A NILIT \u00e9 l\u00edder na produ\u00e7\u00e3o de \u201cNylon 6.6\u201d (ou poliamida) com foco em inova\u00e7\u00e3o tecnol\u00f3gica para as ind\u00fastrias t\u00eaxteis e pl\u00e1sticos de engenharia. O grupo NILIT opera em 70 pa\u00edses, fornece a mais de 1.000 clientes e emprega 1.700 funcion\u00e1rios provenientes de diversas culturas e origens.<br><br>De suas f\u00e1bricas, distribu\u00eddas por quatro pa\u00edses, saem microfibras avan\u00e7adas, com uma variedade de t\u00edtulos, com as mais variadas caracter\u00edsticas e efeitos que permitem a produ\u00e7\u00e3o de pe\u00e7as ou tecidos que agregam valor para toda a cadeia t\u00eaxtil. Equipamentos de \u00faltima gera\u00e7\u00e3o utilizados na produ\u00e7\u00e3o garantem qualidade e sustentabilidade, equilibrando com precis\u00e3o moda e conforto.<\/p>\n\n\n\n<p>Os fios inteligentes de alta tecnologia s\u00e3o capazes, entre outros atributos, de evitar prolifera\u00e7\u00e3o de odores, reduzir ou manter a temperatura do corpo, promover a redu\u00e7\u00e3o de \u201cstress\u201d muscular na pr\u00e1tica de atividade f\u00edsica, ou ainda controlar a umidade na pr\u00e1tica de esportes ou at\u00e9 mesmo no dia a dia dos usu\u00e1rios. Devido \u00e0 nanotecnologia utilizada em sua concep\u00e7\u00e3o, estas propriedades especiais de cada fio permanecem efetivas durante a vida da pe\u00e7a de vestu\u00e1rio, n\u00e3o ocorrendo diminui\u00e7\u00e3o do efeito mesmo ap\u00f3s sucessivas lavagens, sem contamina\u00e7\u00e3o da \u00e1gua.<\/p>\n\n\n\n<p><\/p>\n\n\n\n<p><strong>SUPPLEX\u00ae<\/strong><\/p>\n\n\n\n<p>Fabricado em processo de texturiza\u00e7\u00e3o com jatos de ar, garante um toque natural e suave, com uma s\u00e9rie de vantagens, como maior respirabilidade, a manuten\u00e7\u00e3o das cores por mais tempo e secagem r\u00e1pida, al\u00e9m de n\u00e3o amassar e modelar o corpo. Os tecidos podem ter diversas gramaturas, o que viabiliza seu uso para a fabrica\u00e7\u00e3o desde uma leve camiseta at\u00e9 leggings e tops pr\u00f3prios para a pr\u00e1tica esportiva.A NILIT possui a licen\u00e7a exclusiva para comercializar o fio no Brasil e pretende conscientizar as consumidoras sobre a import\u00e2ncia de adquirir um produto de qualidade e que realmente atender\u00e1 suas necessidades.<\/p>\n\n\n\n<div style=\"height:50px\" aria-hidden=\"true\" class=\"wp-block-spacer\"><\/div>\n\n\n\n<figure class=\"wp-block-gallery has-nested-images columns-5 wp-block-gallery-1 is-layout-flex wp-block-gallery-is-layout-flex\">\n<figure class=\"wp-block-image size-full\"><img decoding=\"async\" width=\"300\" height=\"169\" data-id=\"1987\" src=\"https:\/\/www.nilit.com.br\/wp-content\/uploads\/2022\/10\/cordura-01.png\" alt=\"\" class=\"wp-image-1987\"\/><\/figure>\n\n\n\n<figure class=\"wp-block-image size-full\"><a href=\"https:\/\/sensil.com?utm_campaign=Supplex&amp;utm_source=supplex&amp;utm_medium=website&amp;utm_content=&amp;utm_term=\" target=\"_blank\" rel=\"noreferrer noopener\"><img decoding=\"async\" width=\"300\" height=\"169\" data-id=\"1989\" src=\"https:\/\/www.nilit.com.br\/wp-content\/uploads\/2022\/10\/sensil-01.png\" alt=\"\" class=\"wp-image-1989\"\/><\/a><\/figure>\n\n\n\n<figure class=\"wp-block-image size-full\"><img decoding=\"async\" width=\"300\" height=\"169\" data-id=\"1988\" src=\"https:\/\/www.nilit.com.br\/wp-content\/uploads\/2022\/10\/tactel-01.png\" alt=\"\" class=\"wp-image-1988\"\/><\/figure>\n\n\n\n<figure class=\"wp-block-image size-full\"><img decoding=\"async\" width=\"300\" height=\"169\" data-id=\"1986\" src=\"https:\/\/www.nilit.com.br\/wp-content\/uploads\/2022\/10\/toughtex-01.png\" alt=\"\" class=\"wp-image-1986\"\/><\/figure>\n\n\n\n<figure class=\"wp-block-image size-full\"><img decoding=\"async\" width=\"300\" height=\"169\" data-id=\"1998\" src=\"https:\/\/www.nilit.com.br\/wp-content\/uploads\/2022\/10\/diklatex.png\" alt=\"\" class=\"wp-image-1998\"\/><\/figure>\n<\/figure>\n\n\n\n<div style=\"height:50px\" aria-hidden=\"true\" class=\"wp-block-spacer\"><\/div>\n","protected":false},"excerpt":{"rendered":"<p>A NILIT \u00e9 l\u00edder na produ\u00e7\u00e3o de \u201cNylon 6.6\u201d (ou poliamida) com foco em inova\u00e7\u00e3o[&#8230;]<\/p>\n","protected":false},"author":1,"featured_media":0,"parent":0,"menu_order":6,"comment_status":"closed","ping_status":"closed","template":"template-pages\/page-contato.php","meta":{"_acf_changed":false,"inline_featured_image":false,"footnotes":""},"class_list":["post-1855","page","type-page","status-publish","hentry"],"acf":[],"yoast_head":"<!-- This site is optimized with the Yoast SEO plugin v27.5 - https:\/\/yoast.com\/product\/yoast-seo-wordpress\/ -->\n<title>Contato - Supplex by NILIT<\/title>\n<meta name=\"robots\" content=\"index, follow, max-snippet:-1, max-image-preview:large, max-video-preview:-1\" \/>\n<link rel=\"canonical\" href=\"https:\/\/www.nilit.com.br\/supplex\/contato\/\" \/>\n<meta property=\"og:locale\" content=\"pt_BR\" \/>\n<meta property=\"og:type\" content=\"article\" \/>\n<meta property=\"og:title\" content=\"Contato - Supplex by NILIT\" \/>\n<meta property=\"og:description\" content=\"A NILIT \u00e9 l\u00edder na produ\u00e7\u00e3o de \u201cNylon 6.6\u201d (ou poliamida) com foco em inova\u00e7\u00e3o[...]\" \/>\n<meta property=\"og:url\" content=\"https:\/\/www.nilit.com.br\/supplex\/contato\/\" \/>\n<meta property=\"og:site_name\" content=\"Supplex by NILIT\" \/>\n<meta property=\"article:modified_time\" content=\"2022-12-08T15:39:55+00:00\" \/>\n<meta property=\"og:image\" content=\"https:\/\/static.wixstatic.com\/media\/63b461_d061ae3620134a17b48a5fbaa2279c3b~mv2.png\/v1\/crop\/x_113,y_0,w_210,h_94\/fill\/w_87,h_39,al_c,q_85,usm_0.66_1.00_0.01,enc_auto\/63b461_d061ae3620134a17b48a5fbaa2279c3b~mv2.png\" \/>\n<meta name=\"twitter:card\" content=\"summary_large_image\" \/>\n<meta name=\"twitter:label1\" content=\"Est. tempo de leitura\" \/>\n\t<meta name=\"twitter:data1\" content=\"3 minutos\" \/>\n<script type=\"application\/ld+json\" class=\"yoast-schema-graph\">{\"@context\":\"https:\\\/\\\/schema.org\",\"@graph\":[{\"@type\":\"WebPage\",\"@id\":\"https:\\\/\\\/www.nilit.com.br\\\/supplex\\\/contato\\\/\",\"url\":\"https:\\\/\\\/www.nilit.com.br\\\/supplex\\\/contato\\\/\",\"name\":\"Contato - Supplex by NILIT\",\"isPartOf\":{\"@id\":\"https:\\\/\\\/www.nilit.com.br\\\/supplex\\\/#website\"},\"primaryImageOfPage\":{\"@id\":\"https:\\\/\\\/www.nilit.com.br\\\/supplex\\\/contato\\\/#primaryimage\"},\"image\":{\"@id\":\"https:\\\/\\\/www.nilit.com.br\\\/supplex\\\/contato\\\/#primaryimage\"},\"thumbnailUrl\":\"https:\\\/\\\/static.wixstatic.com\\\/media\\\/63b461_d061ae3620134a17b48a5fbaa2279c3b~mv2.png\\\/v1\\\/crop\\\/x_113,y_0,w_210,h_94\\\/fill\\\/w_87,h_39,al_c,q_85,usm_0.66_1.00_0.01,enc_auto\\\/63b461_d061ae3620134a17b48a5fbaa2279c3b~mv2.png\",\"datePublished\":\"2022-10-16T12:43:50+00:00\",\"dateModified\":\"2022-12-08T15:39:55+00:00\",\"breadcrumb\":{\"@id\":\"https:\\\/\\\/www.nilit.com.br\\\/supplex\\\/contato\\\/#breadcrumb\"},\"inLanguage\":\"pt-BR\",\"potentialAction\":[{\"@type\":\"ReadAction\",\"target\":[\"https:\\\/\\\/www.nilit.com.br\\\/supplex\\\/contato\\\/\"]}]},{\"@type\":\"ImageObject\",\"inLanguage\":\"pt-BR\",\"@id\":\"https:\\\/\\\/www.nilit.com.br\\\/supplex\\\/contato\\\/#primaryimage\",\"url\":\"https:\\\/\\\/static.wixstatic.com\\\/media\\\/63b461_d061ae3620134a17b48a5fbaa2279c3b~mv2.png\\\/v1\\\/crop\\\/x_113,y_0,w_210,h_94\\\/fill\\\/w_87,h_39,al_c,q_85,usm_0.66_1.00_0.01,enc_auto\\\/63b461_d061ae3620134a17b48a5fbaa2279c3b~mv2.png\",\"contentUrl\":\"https:\\\/\\\/static.wixstatic.com\\\/media\\\/63b461_d061ae3620134a17b48a5fbaa2279c3b~mv2.png\\\/v1\\\/crop\\\/x_113,y_0,w_210,h_94\\\/fill\\\/w_87,h_39,al_c,q_85,usm_0.66_1.00_0.01,enc_auto\\\/63b461_d061ae3620134a17b48a5fbaa2279c3b~mv2.png\"},{\"@type\":\"BreadcrumbList\",\"@id\":\"https:\\\/\\\/www.nilit.com.br\\\/supplex\\\/contato\\\/#breadcrumb\",\"itemListElement\":[{\"@type\":\"ListItem\",\"position\":1,\"name\":\"In\u00edcio\",\"item\":\"https:\\\/\\\/www.nilit.com.br\\\/supplex\\\/\"},{\"@type\":\"ListItem\",\"position\":2,\"name\":\"Contato\"}]},{\"@type\":\"WebSite\",\"@id\":\"https:\\\/\\\/www.nilit.com.br\\\/supplex\\\/#website\",\"url\":\"https:\\\/\\\/www.nilit.com.br\\\/supplex\\\/\",\"name\":\"Supplex by NILIT\",\"description\":\"| S\u00e3o Paulo | Fio de Poliamida 6.6 da Nilit\",\"publisher\":{\"@id\":\"https:\\\/\\\/www.nilit.com.br\\\/supplex\\\/#organization\"},\"potentialAction\":[{\"@type\":\"SearchAction\",\"target\":{\"@type\":\"EntryPoint\",\"urlTemplate\":\"https:\\\/\\\/www.nilit.com.br\\\/supplex\\\/?s={search_term_string}\"},\"query-input\":{\"@type\":\"PropertyValueSpecification\",\"valueRequired\":true,\"valueName\":\"search_term_string\"}}],\"inLanguage\":\"pt-BR\"},{\"@type\":\"Organization\",\"@id\":\"https:\\\/\\\/www.nilit.com.br\\\/supplex\\\/#organization\",\"name\":\"Supplex by NILIT\",\"url\":\"https:\\\/\\\/www.nilit.com.br\\\/supplex\\\/\",\"logo\":{\"@type\":\"ImageObject\",\"inLanguage\":\"pt-BR\",\"@id\":\"https:\\\/\\\/www.nilit.com.br\\\/supplex\\\/#\\\/schema\\\/logo\\\/image\\\/\",\"url\":\"https:\\\/\\\/www.nilit.com.br\\\/supplex\\\/wp-content\\\/uploads\\\/2022\\\/10\\\/supplex-logo-black.png\",\"contentUrl\":\"https:\\\/\\\/www.nilit.com.br\\\/supplex\\\/wp-content\\\/uploads\\\/2022\\\/10\\\/supplex-logo-black.png\",\"width\":324,\"height\":157,\"caption\":\"Supplex by NILIT\"},\"image\":{\"@id\":\"https:\\\/\\\/www.nilit.com.br\\\/supplex\\\/#\\\/schema\\\/logo\\\/image\\\/\"}}]}<\/script>\n<!-- \/ Yoast SEO plugin. -->","yoast_head_json":{"title":"Contato - Supplex by NILIT","robots":{"index":"index","follow":"follow","max-snippet":"max-snippet:-1","max-image-preview":"max-image-preview:large","max-video-preview":"max-video-preview:-1"},"canonical":"https:\/\/www.nilit.com.br\/supplex\/contato\/","og_locale":"pt_BR","og_type":"article","og_title":"Contato - Supplex by NILIT","og_description":"A NILIT \u00e9 l\u00edder na produ\u00e7\u00e3o de \u201cNylon 6.6\u201d (ou poliamida) com foco em inova\u00e7\u00e3o[...]","og_url":"https:\/\/www.nilit.com.br\/supplex\/contato\/","og_site_name":"Supplex by NILIT","article_modified_time":"2022-12-08T15:39:55+00:00","og_image":[{"url":"https:\/\/static.wixstatic.com\/media\/63b461_d061ae3620134a17b48a5fbaa2279c3b~mv2.png\/v1\/crop\/x_113,y_0,w_210,h_94\/fill\/w_87,h_39,al_c,q_85,usm_0.66_1.00_0.01,enc_auto\/63b461_d061ae3620134a17b48a5fbaa2279c3b~mv2.png","type":"","width":"","height":""}],"twitter_card":"summary_large_image","twitter_misc":{"Est. tempo de leitura":"3 minutos"},"schema":{"@context":"https:\/\/schema.org","@graph":[{"@type":"WebPage","@id":"https:\/\/www.nilit.com.br\/supplex\/contato\/","url":"https:\/\/www.nilit.com.br\/supplex\/contato\/","name":"Contato - Supplex by NILIT","isPartOf":{"@id":"https:\/\/www.nilit.com.br\/supplex\/#website"},"primaryImageOfPage":{"@id":"https:\/\/www.nilit.com.br\/supplex\/contato\/#primaryimage"},"image":{"@id":"https:\/\/www.nilit.com.br\/supplex\/contato\/#primaryimage"},"thumbnailUrl":"https:\/\/static.wixstatic.com\/media\/63b461_d061ae3620134a17b48a5fbaa2279c3b~mv2.png\/v1\/crop\/x_113,y_0,w_210,h_94\/fill\/w_87,h_39,al_c,q_85,usm_0.66_1.00_0.01,enc_auto\/63b461_d061ae3620134a17b48a5fbaa2279c3b~mv2.png","datePublished":"2022-10-16T12:43:50+00:00","dateModified":"2022-12-08T15:39:55+00:00","breadcrumb":{"@id":"https:\/\/www.nilit.com.br\/supplex\/contato\/#breadcrumb"},"inLanguage":"pt-BR","potentialAction":[{"@type":"ReadAction","target":["https:\/\/www.nilit.com.br\/supplex\/contato\/"]}]},{"@type":"ImageObject","inLanguage":"pt-BR","@id":"https:\/\/www.nilit.com.br\/supplex\/contato\/#primaryimage","url":"https:\/\/static.wixstatic.com\/media\/63b461_d061ae3620134a17b48a5fbaa2279c3b~mv2.png\/v1\/crop\/x_113,y_0,w_210,h_94\/fill\/w_87,h_39,al_c,q_85,usm_0.66_1.00_0.01,enc_auto\/63b461_d061ae3620134a17b48a5fbaa2279c3b~mv2.png","contentUrl":"https:\/\/static.wixstatic.com\/media\/63b461_d061ae3620134a17b48a5fbaa2279c3b~mv2.png\/v1\/crop\/x_113,y_0,w_210,h_94\/fill\/w_87,h_39,al_c,q_85,usm_0.66_1.00_0.01,enc_auto\/63b461_d061ae3620134a17b48a5fbaa2279c3b~mv2.png"},{"@type":"BreadcrumbList","@id":"https:\/\/www.nilit.com.br\/supplex\/contato\/#breadcrumb","itemListElement":[{"@type":"ListItem","position":1,"name":"In\u00edcio","item":"https:\/\/www.nilit.com.br\/supplex\/"},{"@type":"ListItem","position":2,"name":"Contato"}]},{"@type":"WebSite","@id":"https:\/\/www.nilit.com.br\/supplex\/#website","url":"https:\/\/www.nilit.com.br\/supplex\/","name":"Supplex by NILIT","description":"| S\u00e3o Paulo | Fio de Poliamida 6.6 da Nilit","publisher":{"@id":"https:\/\/www.nilit.com.br\/supplex\/#organization"},"potentialAction":[{"@type":"SearchAction","target":{"@type":"EntryPoint","urlTemplate":"https:\/\/www.nilit.com.br\/supplex\/?s={search_term_string}"},"query-input":{"@type":"PropertyValueSpecification","valueRequired":true,"valueName":"search_term_string"}}],"inLanguage":"pt-BR"},{"@type":"Organization","@id":"https:\/\/www.nilit.com.br\/supplex\/#organization","name":"Supplex by NILIT","url":"https:\/\/www.nilit.com.br\/supplex\/","logo":{"@type":"ImageObject","inLanguage":"pt-BR","@id":"https:\/\/www.nilit.com.br\/supplex\/#\/schema\/logo\/image\/","url":"https:\/\/www.nilit.com.br\/supplex\/wp-content\/uploads\/2022\/10\/supplex-logo-black.png","contentUrl":"https:\/\/www.nilit.com.br\/supplex\/wp-content\/uploads\/2022\/10\/supplex-logo-black.png","width":324,"height":157,"caption":"Supplex by NILIT"},"image":{"@id":"https:\/\/www.nilit.com.br\/supplex\/#\/schema\/logo\/image\/"}}]}},"_links":{"self":[{"href":"https:\/\/www.nilit.com.br\/supplex\/wp-json\/wp\/v2\/pages\/1855","targetHints":{"allow":["GET"]}}],"collection":[{"href":"https:\/\/www.nilit.com.br\/supplex\/wp-json\/wp\/v2\/pages"}],"about":[{"href":"https:\/\/www.nilit.com.br\/supplex\/wp-json\/wp\/v2\/types\/page"}],"author":[{"embeddable":true,"href":"https:\/\/www.nilit.com.br\/supplex\/wp-json\/wp\/v2\/users\/1"}],"replies":[{"embeddable":true,"href":"https:\/\/www.nilit.com.br\/supplex\/wp-json\/wp\/v2\/comments?post=1855"}],"version-history":[{"count":20,"href":"https:\/\/www.nilit.com.br\/supplex\/wp-json\/wp\/v2\/pages\/1855\/revisions"}],"predecessor-version":[{"id":2085,"href":"https:\/\/www.nilit.com.br\/supplex\/wp-json\/wp\/v2\/pages\/1855\/revisions\/2085"}],"wp:attachment":[{"href":"https:\/\/www.nilit.com.br\/supplex\/wp-json\/wp\/v2\/media?parent=1855"}],"curies":[{"name":"wp","href":"https:\/\/api.w.org\/{rel}","templated":true}]}}